{"id":42,"date":"2026-04-12T17:44:55","date_gmt":"2026-04-12T17:44:55","guid":{"rendered":"https:\/\/msavocat.eu\/?page_id=42"},"modified":"2026-04-16T10:13:23","modified_gmt":"2026-04-16T10:13:23","slug":"accueil","status":"publish","type":"page","link":"https:\/\/msavocat.eu\/","title":{"rendered":"ACCUEIL"},"content":{"rendered":"<p><img \n\t\t\t\t\tdata-interaction-id=\"8b86c43\" \n\t\t\t\t\t\t\t\t\tid=\"199\"\n\t\t\t\t\t\t\t\t\t\t\t\tsrc=\"https:\/\/msavocat.eu\/wp-content\/uploads\/2026\/04\/banniere_finale-4.png\"\n\t\t\t\t\t\t\t\t\t\t\t\twidth=\"1920\"\n\t\t\t\t\t\t\t\t\t\t\t\theight=\"650\"\n\t\t\t\t\t\t\t\t\t\t\t\tsrcset=\"https:\/\/msavocat.eu\/wp-content\/uploads\/2026\/04\/banniere_finale-4.png 1920w, https:\/\/msavocat.eu\/wp-content\/uploads\/2026\/04\/banniere_finale-4-300x102.png 300w, https:\/\/msavocat.eu\/wp-content\/uploads\/2026\/04\/banniere_finale-4-1024x347.png 1024w, https:\/\/msavocat.eu\/wp-content\/uploads\/2026\/04\/banniere_finale-4-768x260.png 768w, https:\/\/msavocat.eu\/wp-content\/uploads\/2026\/04\/banniere_finale-4-1536x520.png 1536w\"\n\t\t\t\t\t\t\t\t\t\t\t\talt=\"\"\n\t\t\t\t\t\t\/><\/p>\n<hr data-interaction-id=\"0e77c99\"   \/>\n\t\t<img \n\t\t\t\t\tdata-interaction-id=\"c56c3e7\" \n\t\t\t\t\t\t\t\t\tid=\"61\"\n\t\t\t\t\t\t\t\t\t\t\t\tsrc=\"https:\/\/msavocat.eu\/wp-content\/uploads\/2026\/04\/photo-site-petite.jpg\"\n\t\t\t\t\t\t\t\t\t\t\t\twidth=\"717\"\n\t\t\t\t\t\t\t\t\t\t\t\theight=\"1076\"\n\t\t\t\t\t\t\t\t\t\t\t\tsrcset=\"https:\/\/msavocat.eu\/wp-content\/uploads\/2026\/04\/photo-site-petite.jpg 717w, https:\/\/msavocat.eu\/wp-content\/uploads\/2026\/04\/photo-site-petite-200x300.jpg 200w, https:\/\/msavocat.eu\/wp-content\/uploads\/2026\/04\/photo-site-petite-682x1024.jpg 682w\"\n\t\t\t\t\t\t\t\t\t\t\t\talt=\"\"\n\t\t\t\t\t\t\/><\/p>\n<p data-interaction-id=\"06509f5\"  >\n<p>Lorsque des d\u00e9cisions importantes doivent \u00eatre prises dans un contexte de tension, d\u2019incertitude ou de conflit, il est essentiel de disposer d\u2019un cadre juridique clair et s\u00e9curis\u00e9.<\/p>\n<p><strong id=\"e-mo0hagks-xl2e8ak\">Avocate au barreau de N\u00eemes, j\u2019accompagne depuis plus de 22 ans entreprises et particuliers en droit social et en droit des affaires, en conseil comme en contentieux.<\/strong><\/p>\n<p>\n\t\t\t\t\t<\/p>\n<p>\t\t\t\t\t    \t            <button data-interaction-id=\"77221f2\"  ><br \/>\n            <strong>FAIRE LE POINT SUR VOTRE SITUATION<\/strong><br \/>\n        <\/button><\/p>\n<p data-interaction-id=\"1b044f3\"  >\n\t\t\t\t\t\t\t\t<strong id=\"e-mnzxwre7-ote1t6e\">&nbsp;DOMAINES D&#8217;INTERVENTION<\/strong>\n\t\t\t\t\t<\/p>\n<p>\t\t\t\t\t    \t            <a\n            \t\t\thref=\"https:\/\/msavocat.eu\/index.php\/droit-social\/\"\n        target=\"_self\"\n            data-interaction-id=\"374e7e6\"\n        ><br \/>\n            <strong id=\"e-mnzz6gz8-zumtam3\">DROIT SOCIAL<\/strong><br \/>\n        <\/a><br \/>\n    \t\t\t\t\t    \t            <a\n            \t\t\thref=\"https:\/\/msavocat.eu\/index.php\/droit-des-affaires\/\"\n        target=\"_self\"\n            data-interaction-id=\"1b67379\"\n        ><br \/>\n            <strong id=\"e-mnzxh13p-c359hsk\">DROIT DES AFFAIRES<\/strong><br \/>\n        <\/a><br \/>\n    \t\t\t\t\t    \t            <a\n            \t\t\thref=\"https:\/\/msavocat.eu\/index.php\/assistance-du-dirigeant\/\"\n        target=\"_self\"\n            data-interaction-id=\"35011a8\"\n        ><br \/>\n            <strong id=\"e-mnzxp6m0-ur66akn\">ACCOMPAGNEMENT <br \/>DU DIRIGEANT<\/strong><br \/>\n        <\/a><\/p>\n<p data-interaction-id=\"b60ff3b\"  >\n\t\t\t\t\t\t\t\t<strong>S\u00e9curiser vos d\u00e9cisions et d\u00e9fendre vos int\u00e9r\u00eats <\/strong><\/p>\n<p>licenciement, conditions de travail, harc\u00e8lement, <br \/>dur\u00e9e du travail, accidents du travail, <br \/>contentieux prud\u2019homal.\n\t\t\t\t\t<\/p>\n<p data-interaction-id=\"6921830\"  >\n\t\t\t\t\t\t\t\t<strong id=\"e-mo0doyse-9v759nk\">S\u00e9curiser vos op\u00e9rations et structurer vos relations d\u2019affaires<\/strong><\/p>\n<p>contrats commerciaux,&nbsp;<br \/>baux commerciaux, recouvrement,&nbsp;<br \/>contentieux commercial, cession de fonds.\n\t\t\t\t\t<\/p>\n<p data-interaction-id=\"7a961a9\"  >\n\t\t\t\t\t\t\t\t<strong id=\"e-mo0eohuy-5aq3ini\">S\u00e9curiser vos d\u00e9cisions et vous assister dans les moments o\u00f9 il faut agir<\/strong><\/p>\n<p>r\u00e9daction de courriers, prise de d\u00e9cision,&nbsp; situations \u00e0 enjeux, anticipation des risques, d\u00e9fense de vos int\u00e9r\u00eats.\n\t\t\t\t\t<\/p>\n<h2 \n\t\tdata-interaction-id=\"622a132\" \n\t\tclass=\"e-622a132-910b68e e-heading-base\" \n\t><br \/>\n\t\t\t<strong id=\"e-mo0eyyf3-ohl9um8\">&nbsp;UNE APPROCHE STRUCTUREE<\/strong><br \/>\n\t\t<\/h2>\n<p data-interaction-id=\"b22b920\"  >\n\t\t\t\t\t\t\t\t<strong id=\"e-mo0g2wll-4jfwr7m\">ANALYSE<\/strong><br \/>Comprendre votre situation, les enjeux, vos contraintes et vos attentes\n\t\t\t\t\t<\/p>\n<p data-interaction-id=\"ba9f109\"  >\n\t\t\t\t\t\t\t\t<strong id=\"e-mo0gbu4x-kvcsscx\">STRATEGIE<\/strong><\/p>\n<p>D\u00e9finir d&#8217;une strat\u00e9gie&nbsp; juridique claire et adapt\u00e9e \u00e0 vos objectifs.<\/p>\n<p data-interaction-id=\"6051597\"  >\n\t\t\t\t\t\t\t\t<strong>ACTION<\/strong><\/p>\n<p>Mettre en \u0153uvre les actions n\u00e9cessaires et d\u00e9fendre vos int\u00e9r\u00eats&nbsp;\n\t\t\t\t\t<\/p>\n<p data-interaction-id=\"bbd3c37\"  >\n\t\t\t\t\t\t\t\t<strong><sub>UNE SITUATION COMPLEXE A AFFRONTER  OU DECISION A PRENDRE ?<\/sub><\/strong><br \/><strong><sub>UN ECHANGE PERMET D&#8217;Y VOIR CLAIR ET D&#8217;ENVISAGER LES SOLUTIONS ADAPTEES U<\/sub><\/strong>\n\t\t\t\t\t<\/p>\n<p>\t\t\t\t\t    \t            <button data-interaction-id=\"415d38a\"  ><br \/>\n            <strong id=\"e-mo0hj7av-5uj3kim\">PRENEZ RENDEZ VOUS<\/strong><br \/>\n        <\/button><\/p>\n\n\n<figure class=\"wp-block-image size-large\"><img fetchpriority=\"high\" decoding=\"async\" width=\"1024\" height=\"347\" src=\"https:\/\/msavocat.eu\/wp-content\/uploads\/2026\/04\/banniere_finale-5-1024x347.png\" alt=\"\" class=\"wp-image-342\" srcset=\"https:\/\/msavocat.eu\/wp-content\/uploads\/2026\/04\/banniere_finale-5-1024x347.png 1024w, https:\/\/msavocat.eu\/wp-content\/uploads\/2026\/04\/banniere_finale-5-300x102.png 300w, https:\/\/msavocat.eu\/wp-content\/uploads\/2026\/04\/banniere_finale-5-768x260.png 768w, https:\/\/msavocat.eu\/wp-content\/uploads\/2026\/04\/banniere_finale-5-1536x520.png 1536w, https:\/\/msavocat.eu\/wp-content\/uploads\/2026\/04\/banniere_finale-5.png 1920w\" sizes=\"(max-width: 1024px) 100vw, 1024px\" \/><\/figure>\n\n\n\n<p><\/p>\n","protected":false},"excerpt":{"rendered":"<p>Lorsque des d\u00e9cisions importantes doivent \u00eatre prises dans un contexte de tension, d\u2019incertitude ou de conflit, il est essentiel de disposer d\u2019un cadre juridique clair et s\u00e9curis\u00e9. Avocate au barreau de N\u00eemes, j\u2019accompagne depuis plus de 22 ans entreprises et particuliers en droit social et en droit des affaires, en conseil comme en contentieux. FAIRE [&hellip;]<\/p>\n","protected":false},"author":1,"featured_media":0,"parent":0,"menu_order":0,"comment_status":"closed","ping_status":"closed","template":"elementor_header_footer","meta":{"footnotes":""},"class_list":["post-42","page","type-page","status-publish","hentry"],"_links":{"self":[{"href":"https:\/\/msavocat.eu\/index.php\/wp-json\/wp\/v2\/pages\/42","targetHints":{"allow":["GET"]}}],"collection":[{"href":"https:\/\/msavocat.eu\/index.php\/wp-json\/wp\/v2\/pages"}],"about":[{"href":"https:\/\/msavocat.eu\/index.php\/wp-json\/wp\/v2\/types\/page"}],"author":[{"embeddable":true,"href":"https:\/\/msavocat.eu\/index.php\/wp-json\/wp\/v2\/users\/1"}],"replies":[{"embeddable":true,"href":"https:\/\/msavocat.eu\/index.php\/wp-json\/wp\/v2\/comments?post=42"}],"version-history":[{"count":80,"href":"https:\/\/msavocat.eu\/index.php\/wp-json\/wp\/v2\/pages\/42\/revisions"}],"predecessor-version":[{"id":343,"href":"https:\/\/msavocat.eu\/index.php\/wp-json\/wp\/v2\/pages\/42\/revisions\/343"}],"wp:attachment":[{"href":"https:\/\/msavocat.eu\/index.php\/wp-json\/wp\/v2\/media?parent=42"}],"curies":[{"name":"wp","href":"https:\/\/api.w.org\/{rel}","templated":true}]}}