{"id":279,"date":"2026-04-15T21:43:08","date_gmt":"2026-04-15T21:43:08","guid":{"rendered":"https:\/\/msavocat.eu\/?page_id=279"},"modified":"2026-04-15T22:47:55","modified_gmt":"2026-04-15T22:47:55","slug":"accueil-2","status":"publish","type":"page","link":"https:\/\/msavocat.eu\/index.php\/accueil-2\/","title":{"rendered":"ACCUEIL 2"},"content":{"rendered":"\t\t<div data-elementor-type=\"wp-page\" data-elementor-id=\"279\" class=\"elementor elementor-279\">\n\t\t\t\t\t\t<div class=\"elementor-element elementor-element-390cbcd8 e-con e-atomic-element e-div-block-base e-390cbcd8-9942c69\" data-id=\"390cbcd8\" data-element_type=\"e-div-block\" data-e-type=\"e-div-block\" data-interaction-id=\"390cbcd8\">\n\t\t\t\t\t\t\t\n\t\t<img class=\"e-image-base e-707edd4f-a7ec564\" \n\t\t\t\t\tdata-interaction-id=\"707edd4f\" \n\t\t \n\t\t \n\t\t\t\t\t\t\t\t\tid=\"199\"\n\t\t\t\t\t\t\t\t\t\t\t\tsrc=\"https:\/\/msavocat.eu\/wp-content\/uploads\/2026\/04\/banniere_finale-4.png\"\n\t\t\t\t\t\t\t\t\t\t\t\twidth=\"1920\"\n\t\t\t\t\t\t\t\t\t\t\t\theight=\"650\"\n\t\t\t\t\t\t\t\t\t\t\t\tsrcset=\"https:\/\/msavocat.eu\/wp-content\/uploads\/2026\/04\/banniere_finale-4.png 1920w, https:\/\/msavocat.eu\/wp-content\/uploads\/2026\/04\/banniere_finale-4-300x102.png 300w, https:\/\/msavocat.eu\/wp-content\/uploads\/2026\/04\/banniere_finale-4-1024x347.png 1024w, https:\/\/msavocat.eu\/wp-content\/uploads\/2026\/04\/banniere_finale-4-768x260.png 768w, https:\/\/msavocat.eu\/wp-content\/uploads\/2026\/04\/banniere_finale-4-1536x520.png 1536w\"\n\t\t\t\t\t\t\t\t\t\t\t\talt=\"\"\n\t\t\t\t\t\t\/>\n\t\t\t\t\t\t\n<hr class=\"e-69db48d3-e1d7a8d e-divider-base\" data-interaction-id=\"69db48d3\"   \/>\n\t\t\t\t<\/div>\n\t\t<div class=\"elementor-element elementor-element-60afb95b e-grid e-con-full e-con e-parent\" data-id=\"60afb95b\" data-element_type=\"container\" data-e-type=\"container\">\n\t\t\t\t\t\t\t\n\t\t<img class=\"e-image-base e-54cd5ef7-3a077a0\" \n\t\t\t\t\tdata-interaction-id=\"54cd5ef7\" \n\t\t \n\t\t \n\t\t\t\t\t\t\t\t\tid=\"61\"\n\t\t\t\t\t\t\t\t\t\t\t\tsrc=\"https:\/\/msavocat.eu\/wp-content\/uploads\/2026\/04\/photo-site-petite.jpg\"\n\t\t\t\t\t\t\t\t\t\t\t\twidth=\"717\"\n\t\t\t\t\t\t\t\t\t\t\t\theight=\"1076\"\n\t\t\t\t\t\t\t\t\t\t\t\tsrcset=\"https:\/\/msavocat.eu\/wp-content\/uploads\/2026\/04\/photo-site-petite.jpg 717w, https:\/\/msavocat.eu\/wp-content\/uploads\/2026\/04\/photo-site-petite-200x300.jpg 200w, https:\/\/msavocat.eu\/wp-content\/uploads\/2026\/04\/photo-site-petite-682x1024.jpg 682w\"\n\t\t\t\t\t\t\t\t\t\t\t\talt=\"\"\n\t\t\t\t\t\t\/>\n\t\t\t\t\t\t\t\t\t<p class=\"e-1ebb2384-e1e382b e-paragraph-base\" data-interaction-id=\"1ebb2384\"  >\n\t\t\t\t\t\t\t\t<br><br><br><br>Lorsque des d\u00e9cisions importantes doivent \u00eatre prises dans un contexte de tension, d\u2019incertitude ou de conflit, il est essentiel de disposer d\u2019un cadre juridique clair et s\u00e9curis\u00e9.<br><br><br><strong id=\"e-mo0hagks-xl2e8ak\">Avocate au barreau de N\u00eemes, j\u2019accompagne depuis plus de 22 ans entreprises et particuliers en droit social et en droit des affaires, en conseil comme en contentieux.<\/strong><br><br><br><br><br><br><br>\n\t\t\t\t\t<\/p>\n\t\t\t\t<\/div>\n\t\t<div class=\"elementor-element elementor-element-6709e580 e-flex e-con-boxed e-con e-parent\" data-id=\"6709e580\" data-element_type=\"container\" data-e-type=\"container\">\n\t\t\t\t\t<div class=\"e-con-inner\">\n\t\t\t\t\t    \t            <button class=\"e-69689df5-a8bf2e5 e-button-base\" data-interaction-id=\"69689df5\"  >\n            <strong>FAIRE LE POINT SUR VOTRE SITUATION<\/strong>\n        <\/button>\n    \t\t\t\t\t<\/div>\n\t\t\t\t<\/div>\n\t\t<div class=\"elementor-element elementor-element-6e2ec4cc e-flex e-con-boxed e-con e-parent\" data-id=\"6e2ec4cc\" data-element_type=\"container\" data-e-type=\"container\">\n\t\t\t\t\t<div class=\"e-con-inner\">\n\t\t\t\t\t\t\t\t<p class=\"e-745c2f42-d05e383 e-paragraph-base\" data-interaction-id=\"745c2f42\"  >\n\t\t\t\t\t\t\t\t<strong id=\"e-mnzxwre7-ote1t6e\">&nbsp;DOMAINES D'INTERVENTION<\/strong>\n\t\t\t\t\t<\/p>\n\t\t\t\t\t<\/div>\n\t\t\t\t<\/div>\n\t\t<div class=\"elementor-element elementor-element-1f0a8599 e-grid e-con-boxed e-con e-parent\" data-id=\"1f0a8599\" data-element_type=\"container\" data-e-type=\"container\">\n\t\t\t\t\t<div class=\"e-con-inner\">\n\t\t\t\t\t    \t            <a\n            \t\t\thref=\"https:\/\/msavocat.eu\/index.php\/droit-social\/\"\n        target=\"_self\"\n            class=\"e-3211b8c2-8bf0806 e-button-base\"\n            data-interaction-id=\"3211b8c2\"\n             \n        >\n            <strong id=\"e-mnzz6gz8-zumtam3\">DROIT SOCIAL<\/strong>\n        <\/a>\n    \t\t\t\t\t    \t            <a\n            \t\t\thref=\"https:\/\/msavocat.eu\/index.php\/droit-des-affaires\/\"\n        target=\"_self\"\n            class=\"e-aff48eb-c349dab e-button-base\"\n            data-interaction-id=\"aff48eb\"\n             \n        >\n            <strong id=\"e-mnzxh13p-c359hsk\">DROIT DES AFFAIRES<\/strong>\n        <\/a>\n    \t\t\t\t\t    \t            <a\n            \t\t\thref=\"https:\/\/msavocat.eu\/index.php\/assistance-du-dirigeant\/\"\n        target=\"_self\"\n            class=\"e-3d30362b-83babdb e-button-base\"\n            data-interaction-id=\"3d30362b\"\n             \n        >\n            <strong id=\"e-mnzxp6m0-ur66akn\">ACCOMPAGNEMENT <br>DU DIRIGEANT<\/strong>\n        <\/a>\n    \t\t\t\t\t\t\t\t<p class=\"e-53dbd9f9-6033fd7 e-paragraph-base\" data-interaction-id=\"53dbd9f9\"  >\n\t\t\t\t\t\t\t\t<strong>S\u00e9curiser vos d\u00e9cisions et d\u00e9fendre vos int\u00e9r\u00eats <\/strong><br><br><br>licenciement, conditions de travail, harc\u00e8lement, <br>dur\u00e9e du travail, accidents du travail, <br>contentieux prud\u2019homal.\n\t\t\t\t\t<\/p>\n\t\t\t\t\t\t\t\t<p class=\"e-2237c887-3d5fc51 e-paragraph-base\" data-interaction-id=\"2237c887\"  >\n\t\t\t\t\t\t\t\t<strong id=\"e-mo0doyse-9v759nk\">S\u00e9curiser vos op\u00e9rations et structurer vos relations d\u2019affaires<\/strong><br><br>contrats commerciaux,&nbsp;<br>baux commerciaux, recouvrement,&nbsp;<br>contentieux commercial, cession de fonds.<br>\n\t\t\t\t\t<\/p>\n\t\t\t\t\t\t\t\t<p class=\"e-65ebe4be-a47feb0 e-paragraph-base\" data-interaction-id=\"65ebe4be\"  >\n\t\t\t\t\t\t\t\t<strong id=\"e-mo0eohuy-5aq3ini\">S\u00e9curiser vos d\u00e9cisions et vous assister dans les moments o\u00f9 il faut agir<\/strong><br><br>r\u00e9daction de courriers, prise de d\u00e9cision,&nbsp; situations \u00e0 enjeux, anticipation des risques, d\u00e9fense de vos int\u00e9r\u00eats.<br>\n\t\t\t\t\t<\/p>\n\t\t\t\t\t<\/div>\n\t\t\t\t<\/div>\n\t\t\t\t<div class=\"elementor-element elementor-element-3728dd89 e-con e-atomic-element e-flexbox-base\" data-id=\"3728dd89\" data-element_type=\"e-flexbox\" data-e-type=\"e-flexbox\" data-interaction-id=\"3728dd89\">\n\t\t\t\t\t\t\t<h2 \n\t\tdata-interaction-id=\"7a43dd1c\" \n\t\tclass=\"e-7a43dd1c-7b922c5 e-heading-base\" \n\t\t \n\t\t\n\t>\n\t\n\t\t\t<strong id=\"e-mo0eyyf3-ohl9um8\">&nbsp;UNE APPROCHE STRUCTUREE<\/strong>\n\t\t<\/h2>\n\t\t\t\t<\/div>\n\t\t<div class=\"elementor-element elementor-element-62b676d2 e-grid e-con-boxed e-con e-parent\" data-id=\"62b676d2\" data-element_type=\"container\" data-e-type=\"container\">\n\t\t\t\t\t<div class=\"e-con-inner\">\n\t\t\t\t\t\t\t\t<p class=\"e-5e4fde03-5b360a4 e-paragraph-base\" data-interaction-id=\"5e4fde03\"  >\n\t\t\t\t\t\t\t\t<strong id=\"e-mo0g2wll-4jfwr7m\">ANALYSE<\/strong><br>Comprendre votre situation, les enjeux, vos contraintes et vos attentes\n\t\t\t\t\t<\/p>\n\t\t\t\t\t\t\t\t<p class=\"e-4f1d630d-8de11ab e-paragraph-base\" data-interaction-id=\"4f1d630d\"  >\n\t\t\t\t\t\t\t\t<strong id=\"e-mo0gbu4x-kvcsscx\">STRATEGIE<\/strong><br><br>D\u00e9finir d'une strat\u00e9gie&nbsp; juridique claire et adapt\u00e9e \u00e0 vos objectifs.<br><br>\n\t\t\t\t\t<\/p>\n\t\t\t\t\t\t\t\t<p class=\"e-66de53b2-e3b430d e-paragraph-base\" data-interaction-id=\"66de53b2\"  >\n\t\t\t\t\t\t\t\t<strong>ACTION<\/strong><br><br>Mettre en \u0153uvre les actions n\u00e9cessaires et d\u00e9fendre vos int\u00e9r\u00eats&nbsp;\n\t\t\t\t\t<\/p>\n\t\t\t\t\t<\/div>\n\t\t\t\t<\/div>\n\t\t\t\t<div class=\"elementor-element elementor-element-aa01682 e-con e-atomic-element e-flexbox-base\" data-id=\"aa01682\" data-element_type=\"e-flexbox\" data-e-type=\"e-flexbox\" data-interaction-id=\"aa01682\">\n\t\t\t\t\t\t\t\t<p class=\"e-355ceba6-0015541 e-paragraph-base\" data-interaction-id=\"355ceba6\"  >\n\t\t\t\t\t\t\t\t<strong id=\"e-mo0hwb16-ppbj8mp\"><sub id=\"e-mo0hwb16-cpwem2a\">UNE SITUATION COMPLEXE A AFFRONTER OU UNE DECISION A PRENDRE ?<\/sub><\/strong><br><strong id=\"e-mo0hwb16-btz8mh9\"><sub id=\"e-mo0hwb16-u3spl7v\">UN ECHANGE PERMET D'Y VOIR CLAIR ET D'ENVISAGER LES SOLUTIONS ADAPTEES U<\/sub><\/strong>\n\t\t\t\t\t<\/p>\n\t\t\t\t<\/div>\n\t\t\t\t<div class=\"elementor-element elementor-element-152e5288 e-con e-atomic-element e-flexbox-base e-152e5288-61bbd5f\" data-id=\"152e5288\" data-element_type=\"e-flexbox\" data-e-type=\"e-flexbox\" data-interaction-id=\"152e5288\">\n\t\t\t\t\t    \t            <button class=\"e-7e2b5457-66939e7 e-button-base\" data-interaction-id=\"7e2b5457\"  >\n            <strong id=\"e-mo0hj7av-5uj3kim\">PRENEZ RENDEZ VOUS<\/strong>\n        <\/button>\n    \t\t\t\t<\/div>\n\t\t\t\t<\/div>\n\t\t","protected":false},"excerpt":{"rendered":"<p>Lorsque des d\u00e9cisions importantes doivent \u00eatre prises dans un contexte de tension, d\u2019incertitude ou de conflit, il est essentiel de disposer d\u2019un cadre juridique clair et s\u00e9curis\u00e9. Avocate au barreau de N\u00eemes, j\u2019accompagne depuis plus de 22 ans entreprises et particuliers en droit social et en droit des affaires, en conseil comme en contentieux. FAIRE [&hellip;]<\/p>\n","protected":false},"author":1,"featured_media":0,"parent":0,"menu_order":0,"comment_status":"closed","ping_status":"closed","template":"elementor_header_footer","meta":{"footnotes":""},"class_list":["post-279","page","type-page","status-publish","hentry"],"_links":{"self":[{"href":"https:\/\/msavocat.eu\/index.php\/wp-json\/wp\/v2\/pages\/279","targetHints":{"allow":["GET"]}}],"collection":[{"href":"https:\/\/msavocat.eu\/index.php\/wp-json\/wp\/v2\/pages"}],"about":[{"href":"https:\/\/msavocat.eu\/index.php\/wp-json\/wp\/v2\/types\/page"}],"author":[{"embeddable":true,"href":"https:\/\/msavocat.eu\/index.php\/wp-json\/wp\/v2\/users\/1"}],"replies":[{"embeddable":true,"href":"https:\/\/msavocat.eu\/index.php\/wp-json\/wp\/v2\/comments?post=279"}],"version-history":[{"count":31,"href":"https:\/\/msavocat.eu\/index.php\/wp-json\/wp\/v2\/pages\/279\/revisions"}],"predecessor-version":[{"id":332,"href":"https:\/\/msavocat.eu\/index.php\/wp-json\/wp\/v2\/pages\/279\/revisions\/332"}],"wp:attachment":[{"href":"https:\/\/msavocat.eu\/index.php\/wp-json\/wp\/v2\/media?parent=279"}],"curies":[{"name":"wp","href":"https:\/\/api.w.org\/{rel}","templated":true}]}}